{"id":586,"date":"2024-04-29T13:39:01","date_gmt":"2024-04-29T13:39:01","guid":{"rendered":"https:\/\/michel-plafonds.com\/site\/?page_id=586"},"modified":"2024-10-06T13:57:59","modified_gmt":"2024-10-06T13:57:59","slug":"nettoyage-plafond-tendu","status":"publish","type":"page","link":"https:\/\/michel-plafonds.com\/site\/nettoyage-plafond-tendu\/","title":{"rendered":"Nettoyage Plafond Tendu"},"content":{"rendered":"\t\t<div data-elementor-type=\"wp-page\" data-elementor-id=\"586\" class=\"elementor elementor-586\">\n\t\t\t\t\t\t<section class=\"elementor-section elementor-top-section elementor-element elementor-element-a68782b elementor-section-boxed elementor-section-height-default elementor-section-height-default\" data-id=\"a68782b\" data-element_type=\"section\" data-e-type=\"section\">\n\t\t\t\t\t\t<div class=\"elementor-container elementor-column-gap-default\">\n\t\t\t\t\t<div class=\"elementor-column elementor-col-100 elementor-top-column elementor-element elementor-element-3139f62\" data-id=\"3139f62\" data-element_type=\"column\" data-e-type=\"column\">\n\t\t\t<div class=\"elementor-widget-wrap\">\n\t\t\t\t\t\t\t<\/div>\n\t\t<\/div>\n\t\t\t\t\t<\/div>\n\t\t<\/section>\n\t\t\t\t<div class=\"elementor-section elementor-top-section elementor-element elementor-element-aef53af elementor-section-boxed elementor-section-height-default elementor-section-height-default\" data-id=\"aef53af\" data-element_type=\"section\" data-e-type=\"section\">\n\t\t\t\t\t\t<div class=\"elementor-container elementor-column-gap-default\">\n\t\t\t\t\t<div class=\"elementor-column elementor-col-50 elementor-top-column elementor-element elementor-element-0893725\" data-id=\"0893725\" data-element_type=\"column\" data-e-type=\"column\">\n\t\t\t<div class=\"elementor-widget-wrap elementor-element-populated\">\n\t\t\t\t\t\t<div class=\"elementor-element elementor-element-1e44373 elementor-widget elementor-widget-text-editor\" data-id=\"1e44373\" data-element_type=\"widget\" data-e-type=\"widget\" data-widget_type=\"text-editor.default\">\n\t\t\t\t<div class=\"elementor-widget-container\">\n\t\t\t\t\t\t\t\t\t<p><strong>En plus de la vente et pose de Plafonds Tendus<\/strong>, nous en assurons l&rsquo;entretien r\u00e9gulier ou ponctuel incluant le <strong>Nettoyage de Plafonds Tendus.\u00a0<\/strong><\/p><p><strong>Si vous souhaitez faire nettoyer votre plafond tendu contactez-nous.<\/strong><\/p><p>Michel Plafonds Tendus intervient sur des prestations de <strong>Nettoyage de Plafonds Tendus<\/strong> partout en IDF et m\u00eame au del\u00e0 selon le nombre de m\u00b2 de plafond (il faut que ce soit rentable \u00e0 la fois pour vous et nous), il est \u00e9vident que ce sera difficile pour nous de nous d\u00e9placer \u00e0 Marseille pour 10 m\u00b2 de Plafond Tendu \u00e0 poser ou nettoyer par exemple.<\/p><p><strong>Nos Produits de Nettoyage de Plafond Tendu <span style=\"color: #ff0000;\">sont adapt\u00e9s au Plafond Tendu<\/span> et n&rsquo;abiment pas votre plafond, vous garantissant une long\u00e9vit\u00e9 qui va parfois au del\u00e0 des 25 ans, en conservant son \u00e9tat proche du neuf<\/strong>.<\/p><p>Pour tout besoin ou un simple devis Gratuit, n&rsquo;h\u00e9sitez pas \u00e0 nous appeler ou nous contacter par le biais de l&rsquo;un des outils de cette page.<\/p><p>Consultez ci-dessous quelques exemples de nettoyages avant\/apr\u00e8s (en cours de nettoyage).<\/p>\t\t\t\t\t\t\t\t<\/div>\n\t\t\t\t<\/div>\n\t\t\t\t<div class=\"elementor-element elementor-element-1cf7632 gallery-spacing-custom elementor-widget elementor-widget-image-gallery\" data-id=\"1cf7632\" data-element_type=\"widget\" data-e-type=\"widget\" data-widget_type=\"image-gallery.default\">\n\t\t\t\t<div class=\"elementor-widget-container\">\n\t\t\t\t\t\t\t<div class=\"elementor-image-gallery\">\n\t\t\t<div id='gallery-1' class='gallery galleryid-586 gallery-columns-2 gallery-size-full'><figure class='gallery-item'>\n\t\t\t<div class='gallery-icon landscape'>\n\t\t\t\t<img fetchpriority=\"high\" decoding=\"async\" width=\"1632\" height=\"1224\" src=\"https:\/\/michel-plafonds.com\/site\/wp-content\/uploads\/2024\/04\/tectos-2-017.jpg\" class=\"attachment-full size-full\" alt=\"\" srcset=\"https:\/\/michel-plafonds.com\/site\/wp-content\/uploads\/2024\/04\/tectos-2-017.jpg 1632w, https:\/\/michel-plafonds.com\/site\/wp-content\/uploads\/2024\/04\/tectos-2-017-300x225.jpg 300w, https:\/\/michel-plafonds.com\/site\/wp-content\/uploads\/2024\/04\/tectos-2-017-1024x768.jpg 1024w, https:\/\/michel-plafonds.com\/site\/wp-content\/uploads\/2024\/04\/tectos-2-017-768x576.jpg 768w, https:\/\/michel-plafonds.com\/site\/wp-content\/uploads\/2024\/04\/tectos-2-017-1536x1152.jpg 1536w\" sizes=\"(max-width: 1632px) 100vw, 1632px\" \/>\n\t\t\t<\/div><\/figure><figure class='gallery-item'>\n\t\t\t<div class='gallery-icon landscape'>\n\t\t\t\t<img decoding=\"async\" width=\"1632\" height=\"1224\" src=\"https:\/\/michel-plafonds.com\/site\/wp-content\/uploads\/2024\/04\/tectos-2-019.jpg\" class=\"attachment-full size-full\" alt=\"\" srcset=\"https:\/\/michel-plafonds.com\/site\/wp-content\/uploads\/2024\/04\/tectos-2-019.jpg 1632w, https:\/\/michel-plafonds.com\/site\/wp-content\/uploads\/2024\/04\/tectos-2-019-300x225.jpg 300w, https:\/\/michel-plafonds.com\/site\/wp-content\/uploads\/2024\/04\/tectos-2-019-1024x768.jpg 1024w, https:\/\/michel-plafonds.com\/site\/wp-content\/uploads\/2024\/04\/tectos-2-019-768x576.jpg 768w, https:\/\/michel-plafonds.com\/site\/wp-content\/uploads\/2024\/04\/tectos-2-019-1536x1152.jpg 1536w\" sizes=\"(max-width: 1632px) 100vw, 1632px\" \/>\n\t\t\t<\/div><\/figure><figure class='gallery-item'>\n\t\t\t<div class='gallery-icon landscape'>\n\t\t\t\t<img decoding=\"async\" width=\"2016\" height=\"1512\" src=\"https:\/\/michel-plafonds.com\/site\/wp-content\/uploads\/2024\/04\/IMG_7845.jpg\" class=\"attachment-full size-full\" alt=\"\" srcset=\"https:\/\/michel-plafonds.com\/site\/wp-content\/uploads\/2024\/04\/IMG_7845.jpg 2016w, https:\/\/michel-plafonds.com\/site\/wp-content\/uploads\/2024\/04\/IMG_7845-300x225.jpg 300w, https:\/\/michel-plafonds.com\/site\/wp-content\/uploads\/2024\/04\/IMG_7845-1024x768.jpg 1024w, https:\/\/michel-plafonds.com\/site\/wp-content\/uploads\/2024\/04\/IMG_7845-768x576.jpg 768w, https:\/\/michel-plafonds.com\/site\/wp-content\/uploads\/2024\/04\/IMG_7845-1536x1152.jpg 1536w\" sizes=\"(max-width: 2016px) 100vw, 2016px\" \/>\n\t\t\t<\/div><\/figure><figure class='gallery-item'>\n\t\t\t<div class='gallery-icon landscape'>\n\t\t\t\t<img loading=\"lazy\" decoding=\"async\" width=\"2016\" height=\"1512\" src=\"https:\/\/michel-plafonds.com\/site\/wp-content\/uploads\/2024\/04\/IMG_7842.jpg\" class=\"attachment-full size-full\" alt=\"\" srcset=\"https:\/\/michel-plafonds.com\/site\/wp-content\/uploads\/2024\/04\/IMG_7842.jpg 2016w, https:\/\/michel-plafonds.com\/site\/wp-content\/uploads\/2024\/04\/IMG_7842-300x225.jpg 300w, https:\/\/michel-plafonds.com\/site\/wp-content\/uploads\/2024\/04\/IMG_7842-1024x768.jpg 1024w, https:\/\/michel-plafonds.com\/site\/wp-content\/uploads\/2024\/04\/IMG_7842-768x576.jpg 768w, https:\/\/michel-plafonds.com\/site\/wp-content\/uploads\/2024\/04\/IMG_7842-1536x1152.jpg 1536w\" sizes=\"(max-width: 2016px) 100vw, 2016px\" \/>\n\t\t\t<\/div><\/figure>\n\t\t<\/div>\n\t\t<\/div>\n\t\t\t\t\t\t<\/div>\n\t\t\t\t<\/div>\n\t\t\t\t<section class=\"elementor-section elementor-inner-section elementor-element elementor-element-66cb538 elementor-section-full_width elementor-section-height-default elementor-section-height-default\" data-id=\"66cb538\" data-element_type=\"section\" data-e-type=\"section\">\n\t\t\t\t\t\t<div class=\"elementor-container elementor-column-gap-no\">\n\t\t\t\t\t<div class=\"elementor-column elementor-col-100 elementor-inner-column elementor-element elementor-element-9f58a77\" data-id=\"9f58a77\" data-element_type=\"column\" data-e-type=\"column\">\n\t\t\t<div class=\"elementor-widget-wrap elementor-element-populated\">\n\t\t\t\t\t\t<div class=\"elementor-element elementor-element-135ea67 elementor-align-left elementor-mobile-align-center elementor-widget elementor-widget-button\" data-id=\"135ea67\" data-element_type=\"widget\" data-e-type=\"widget\" data-widget_type=\"button.default\">\n\t\t\t\t<div class=\"elementor-widget-container\">\n\t\t\t\t\t\t\t\t\t<div class=\"elementor-button-wrapper\">\n\t\t\t\t\t<a class=\"elementor-button elementor-button-link elementor-size-md\" href=\"tel:+33633904487\">\n\t\t\t\t\t\t<span class=\"elementor-button-content-wrapper\">\n\t\t\t\t\t\t<span class=\"elementor-button-icon\">\n\t\t\t\t<i aria-hidden=\"true\" class=\"icon icon-phone-handset\"><\/i>\t\t\t<\/span>\n\t\t\t\t\t\t\t\t\t<span class=\"elementor-button-text\">Appeler le 06 33 90 44 87<\/span>\n\t\t\t\t\t<\/span>\n\t\t\t\t\t<\/a>\n\t\t\t\t<\/div>\n\t\t\t\t\t\t\t\t<\/div>\n\t\t\t\t<\/div>\n\t\t\t\t<div class=\"elementor-element elementor-element-83c4073 elementor-align-left elementor-mobile-align-center elementor-widget elementor-widget-button\" data-id=\"83c4073\" data-element_type=\"widget\" data-e-type=\"widget\" data-widget_type=\"button.default\">\n\t\t\t\t<div class=\"elementor-widget-container\">\n\t\t\t\t\t\t\t\t\t<div class=\"elementor-button-wrapper\">\n\t\t\t\t\t<a class=\"elementor-button elementor-button-link elementor-size-md\" href=\"https:\/\/api.whatsapp.com\/send?phone=33633904487&#038;text=Bonjour,%20je%20souhaiterai%20r%C3%A9aliser%20un%20Plafond%20Tendu,%20merci%20de%20me%20rappeler\">\n\t\t\t\t\t\t<span class=\"elementor-button-content-wrapper\">\n\t\t\t\t\t\t<span class=\"elementor-button-icon\">\n\t\t\t\t<i aria-hidden=\"true\" class=\"fab fa-whatsapp\"><\/i>\t\t\t<\/span>\n\t\t\t\t\t\t\t\t\t<span class=\"elementor-button-text\">Questions sur WhatsApp<\/span>\n\t\t\t\t\t<\/span>\n\t\t\t\t\t<\/a>\n\t\t\t\t<\/div>\n\t\t\t\t\t\t\t\t<\/div>\n\t\t\t\t<\/div>\n\t\t\t\t<div class=\"elementor-element elementor-element-fdad86d elementor-align-left elementor-mobile-align-center elementor-widget elementor-widget-button\" data-id=\"fdad86d\" data-element_type=\"widget\" data-e-type=\"widget\" data-widget_type=\"button.default\">\n\t\t\t\t<div class=\"elementor-widget-container\">\n\t\t\t\t\t\t\t\t\t<div class=\"elementor-button-wrapper\">\n\t\t\t\t\t<a class=\"elementor-button elementor-button-link elementor-size-md\" href=\"viber:\/\/chat\/?number=33633904487&#038;draft=Bonjour,%20je%20souhaiterai%20r%C3%A9aliser%20un%20Plafond%20Tendu,%20merci%20de%20me%20rappeler\">\n\t\t\t\t\t\t<span class=\"elementor-button-content-wrapper\">\n\t\t\t\t\t\t<span class=\"elementor-button-icon\">\n\t\t\t\t<i aria-hidden=\"true\" class=\"fab fa-whatsapp\"><\/i>\t\t\t<\/span>\n\t\t\t\t\t\t\t\t\t<span class=\"elementor-button-text\">Questions sur Viber<\/span>\n\t\t\t\t\t<\/span>\n\t\t\t\t\t<\/a>\n\t\t\t\t<\/div>\n\t\t\t\t\t\t\t\t<\/div>\n\t\t\t\t<\/div>\n\t\t\t\t<div class=\"elementor-element elementor-element-4a37404 elementor-widget elementor-widget-text-editor\" data-id=\"4a37404\" data-element_type=\"widget\" data-e-type=\"widget\" data-widget_type=\"text-editor.default\">\n\t\t\t\t<div class=\"elementor-widget-container\">\n\t\t\t\t\t\t\t\t\t<p>Nos Coordonn\u00e9es :\u00a0<\/p><p style=\"font-weight: 400;\"><strong>Michel Plafond Tendu<\/strong><br \/>38 Rue Dunois<br \/>75647 Paris Cedex 13<br \/><br \/><strong>Interventions Toute IDF pour le Nettoyage de Plafond Tendu<\/strong><\/p>\t\t\t\t\t\t\t\t<\/div>\n\t\t\t\t<\/div>\n\t\t\t\t\t<\/div>\n\t\t<\/div>\n\t\t\t\t\t<\/div>\n\t\t<\/section>\n\t\t\t\t\t<\/div>\n\t\t<\/div>\n\t\t\t\t<aside class=\"elementor-column elementor-col-50 elementor-top-column elementor-element elementor-element-bebaee0\" data-id=\"bebaee0\" data-element_type=\"column\" data-e-type=\"column\" data-settings=\"{&quot;background_background&quot;:&quot;classic&quot;}\">\n\t\t\t<div class=\"elementor-widget-wrap elementor-element-populated\">\n\t\t\t\t\t\t<div class=\"elementor-element elementor-element-d0e9998 elementor-widget elementor-widget-heading\" data-id=\"d0e9998\" data-element_type=\"widget\" data-e-type=\"widget\" data-widget_type=\"heading.default\">\n\t\t\t\t<div class=\"elementor-widget-container\">\n\t\t\t\t\t<h2 class=\"elementor-heading-title elementor-size-medium\">Devis Gratuit<\/h2>\t\t\t\t<\/div>\n\t\t\t\t<\/div>\n\t\t\t\t<div class=\"elementor-element elementor-element-bee14fa ekit_wpForms_container-form-button-custom elementor-invisible elementor-widget elementor-widget-elementskit-wp-forms\" data-id=\"bee14fa\" data-element_type=\"widget\" data-e-type=\"widget\" data-settings=\"{&quot;_animation&quot;:&quot;fadeIn&quot;}\" data-widget_type=\"elementskit-wp-forms.default\">\n\t\t\t\t<div class=\"elementor-widget-container\">\n\t\t\t\t\t<div class=\"ekit-wid-con ekit_wpForms_container\"><div class=\"wpforms-container wpforms-container-full\" id=\"wpforms-232\"><form id=\"wpforms-form-232\" class=\"wpforms-validate wpforms-form wpforms-ajax-form\" data-formid=\"232\" method=\"post\" enctype=\"multipart\/form-data\" action=\"\/site\/nettoyage-plafond-tendu\/\" data-token=\"fad1b5ac2148357f75133ff967b048d2\" data-token-time=\"1778066895\"><noscript class=\"wpforms-error-noscript\">Veuillez activer JavaScript dans votre navigateur pour remplir ce formulaire.<\/noscript><div class=\"wpforms-field-container\"><div id=\"wpforms-232-field_0-container\" class=\"wpforms-field wpforms-field-name FRM_INPUT\" data-field-id=\"0\"><label class=\"wpforms-field-label wpforms-label-hide\" for=\"wpforms-232-field_0\">Votre Nom <span class=\"wpforms-required-label\">*<\/span><\/label><input type=\"text\" id=\"wpforms-232-field_0\" class=\"wpforms-field-large wpforms-field-required\" name=\"wpforms[fields][0]\" placeholder=\"Votre Nom\" required><\/div><div id=\"wpforms-232-field_1-container\" class=\"wpforms-field wpforms-field-email FRM_INPUT\" data-field-id=\"1\"><label class=\"wpforms-field-label wpforms-label-hide\" for=\"wpforms-232-field_1\">Email <span class=\"wpforms-required-label\">*<\/span><\/label><input type=\"email\" id=\"wpforms-232-field_1\" class=\"wpforms-field-large wpforms-field-required\" name=\"wpforms[fields][1]\" placeholder=\"Votre Email\" spellcheck=\"false\" required><\/div><div id=\"wpforms-232-field_7-container\" class=\"wpforms-field wpforms-field-text\" data-field-id=\"7\"><label class=\"wpforms-field-label wpforms-label-hide\" for=\"wpforms-232-field_7\">Adresse <span class=\"wpforms-required-label\">*<\/span><\/label><input type=\"text\" id=\"wpforms-232-field_7\" class=\"wpforms-field-medium wpforms-field-required\" name=\"wpforms[fields][7]\" value=\"Votre Adresse\" required><\/div><div id=\"wpforms-232-field_8-container\" class=\"wpforms-field wpforms-field-text\" data-field-id=\"8\"><label class=\"wpforms-field-label wpforms-label-hide\" for=\"wpforms-232-field_8\">Ville <span class=\"wpforms-required-label\">*<\/span><\/label><input type=\"text\" id=\"wpforms-232-field_8\" class=\"wpforms-field-medium wpforms-field-required\" name=\"wpforms[fields][8]\" value=\"Votre Ville\" required><\/div><div id=\"wpforms-232-field_4-container\" class=\"wpforms-field wpforms-field-select FRM_SELECT wpforms-field-select-style-modern\" data-field-id=\"4\"><label class=\"wpforms-field-label wpforms-label-hide\" for=\"wpforms-232-field_4\">Type de Devis<\/label><select id=\"wpforms-232-field_4\" class=\"wpforms-field-large choicesjs-select\" data-size-class=\"wpforms-field-row wpforms-field-large\" data-search-enabled=\"\" name=\"wpforms[fields][4]\"><option value=\"\" class=\"placeholder\" disabled >- Veuillez Choisir -<\/option><option value=\"Devis Plafond Tendu\"  selected='selected' class=\"choice-1 depth-1\"  >Devis Plafond Tendu<\/option><option value=\"Devis Mur Tendu\"  class=\"choice-2 depth-1\"  >Devis Mur Tendu<\/option><option value=\"Devis Plafond Imprim\u00e9\"  class=\"choice-3 depth-1\"  >Devis Plafond Imprim\u00e9<\/option><option value=\"Devis Autres Plafonds Tendus\"  class=\"choice-4 depth-1\"  >Devis Autres Plafonds Tendus<\/option><option value=\"Nettoyage Plafond Tendu\"  class=\"choice-5 depth-1\"  >Nettoyage Plafond Tendu<\/option><\/select><\/div><div id=\"wpforms-232-field_6-container\" class=\"wpforms-field wpforms-field-select FRM_SELECT wpforms-field-select-style-modern\" data-field-id=\"6\"><label class=\"wpforms-field-label wpforms-label-hide\" for=\"wpforms-232-field_6\">Type de Bien<\/label><select id=\"wpforms-232-field_6\" class=\"wpforms-field-large choicesjs-select\" data-size-class=\"wpforms-field-row wpforms-field-large\" data-search-enabled=\"\" name=\"wpforms[fields][6]\"><option value=\"\" class=\"placeholder\" disabled >- Veuillez Choisir -<\/option><option value=\"Particulier : Appartement\"  selected='selected' class=\"choice-1 depth-1\"  >Particulier : Appartement<\/option><option value=\"Particulier : Pavillon\"  class=\"choice-2 depth-1\"  >Particulier : Pavillon<\/option><option value=\"Professionnel : Magasin et Commerces\"  class=\"choice-3 depth-1\"  >Professionnel : Magasin et Commerces<\/option><option value=\"Professionnel : Bureaux\"  class=\"choice-4 depth-1\"  >Professionnel : Bureaux<\/option><option value=\"Professionnel : Showroom\"  class=\"choice-5 depth-1\"  >Professionnel : Showroom<\/option><option value=\"Professionnel : H\u00f4tels\"  class=\"choice-6 depth-1\"  >Professionnel : H\u00f4tels<\/option><option value=\"Professionnel : Autres\"  class=\"choice-7 depth-1\"  >Professionnel : Autres<\/option><\/select><\/div><div id=\"wpforms-232-field_3-container\" class=\"wpforms-field wpforms-field-text FRM_INPUT\" data-field-id=\"3\"><label class=\"wpforms-field-label wpforms-label-hide\" for=\"wpforms-232-field_3\">T\u00e9l\u00e9phone <span class=\"wpforms-required-label\">*<\/span><\/label><input type=\"text\" id=\"wpforms-232-field_3\" class=\"wpforms-field-large wpforms-field-required wpforms-masked-input\" data-rule-inputmask-incomplete=\"1\" data-inputmask-mask=\"99  99  99  99  99\" name=\"wpforms[fields][3]\" placeholder=\"T\u00e9l\u00e9phone 00 00 00 00 00\" required><\/div><div id=\"wpforms-232-field_5-container\" class=\"wpforms-field wpforms-field-name FRM_INPUT\" data-field-id=\"5\"><label class=\"wpforms-field-label wpforms-label-hide\" for=\"wpforms-232-field_5\">Superficie en m\u00b2 de Plafond<\/label><input type=\"text\" id=\"wpforms-232-field_5\" class=\"wpforms-field-large\" name=\"wpforms[fields][5]\" placeholder=\"Superficie en m\u00b2 de Plafond (approximatif)\" ><\/div><div id=\"wpforms-232-field_2-container\" class=\"wpforms-field wpforms-field-textarea FRM_TEXTAREA\" data-field-id=\"2\"><label class=\"wpforms-field-label wpforms-label-hide\" for=\"wpforms-232-field_2\">D\u00e9tail de votre besoin<\/label><textarea id=\"wpforms-232-field_2\" class=\"wpforms-field-medium\" name=\"wpforms[fields][2]\" placeholder=\"D\u00e9crivez votre besoin, type de pi\u00e8ce, largeur, longueur... nous vous recontacterons si besoin pour plus d&#039;informations pour la pose ou le nettoyage de votre plafond tendu.\" ><\/textarea><\/div><\/div><!-- .wpforms-field-container --><div class=\"wpforms-submit-container\" ><input type=\"hidden\" name=\"wpforms[id]\" value=\"232\"><input type=\"hidden\" name=\"page_title\" value=\"Nettoyage Plafond Tendu\"><input type=\"hidden\" name=\"page_url\" value=\"https:\/\/michel-plafonds.com\/site\/nettoyage-plafond-tendu\/\"><input type=\"hidden\" name=\"url_referer\" value=\"\"><input type=\"hidden\" name=\"page_id\" value=\"586\"><input type=\"hidden\" name=\"wpforms[post_id]\" value=\"586\"><button type=\"submit\" name=\"wpforms[submit]\" id=\"wpforms-submit-232\" class=\"wpforms-submit RSDB_SUB\" data-alt-text=\"Envoi en cours...\" data-submit-text=\"Envoyer\" aria-live=\"assertive\" value=\"wpforms-submit\">Envoyer<\/button><img loading=\"lazy\" decoding=\"async\" src=\"https:\/\/michel-plafonds.com\/site\/wp-content\/plugins\/wpforms-lite\/assets\/images\/submit-spin.svg\" class=\"wpforms-submit-spinner\" style=\"display: none;\" width=\"26\" height=\"26\" alt=\"Chargement en cours\"><\/div><\/form><\/div>  <!-- .wpforms-container --><\/div>\t\t\t\t<\/div>\n\t\t\t\t<\/div>\n\t\t\t\t\t<\/div>\n\t\t<\/aside>\n\t\t\t\t\t<\/div>\n\t\t<\/div>\n\t\t\t\t<section class=\"elementor-section elementor-top-section elementor-element elementor-element-1a14185 elementor-section-boxed elementor-section-height-default elementor-section-height-default\" data-id=\"1a14185\" data-element_type=\"section\" data-e-type=\"section\">\n\t\t\t\t\t\t<div class=\"elementor-container elementor-column-gap-default\">\n\t\t\t\t\t<div class=\"elementor-column elementor-col-100 elementor-top-column elementor-element elementor-element-3560a93\" data-id=\"3560a93\" data-element_type=\"column\" data-e-type=\"column\">\n\t\t\t<div class=\"elementor-widget-wrap elementor-element-populated\">\n\t\t\t\t\t\t<div class=\"elementor-element elementor-element-8080cc6 elementor-widget elementor-widget-image\" data-id=\"8080cc6\" data-element_type=\"widget\" data-e-type=\"widget\" data-widget_type=\"image.default\">\n\t\t\t\t<div class=\"elementor-widget-container\">\n\t\t\t\t\t\t\t\t\t\t\t\t\t\t\t<img loading=\"lazy\" decoding=\"async\" width=\"2560\" height=\"850\" src=\"https:\/\/michel-plafonds.com\/site\/wp-content\/uploads\/2022\/11\/michel-plafonds-tendus-img-entete-4-2560.jpg\" class=\"attachment-full size-full wp-image-218\" alt=\"\" srcset=\"https:\/\/michel-plafonds.com\/site\/wp-content\/uploads\/2022\/11\/michel-plafonds-tendus-img-entete-4-2560.jpg 2560w, https:\/\/michel-plafonds.com\/site\/wp-content\/uploads\/2022\/11\/michel-plafonds-tendus-img-entete-4-2560-300x100.jpg 300w, https:\/\/michel-plafonds.com\/site\/wp-content\/uploads\/2022\/11\/michel-plafonds-tendus-img-entete-4-2560-1024x340.jpg 1024w, https:\/\/michel-plafonds.com\/site\/wp-content\/uploads\/2022\/11\/michel-plafonds-tendus-img-entete-4-2560-768x255.jpg 768w, https:\/\/michel-plafonds.com\/site\/wp-content\/uploads\/2022\/11\/michel-plafonds-tendus-img-entete-4-2560-1536x510.jpg 1536w, https:\/\/michel-plafonds.com\/site\/wp-content\/uploads\/2022\/11\/michel-plafonds-tendus-img-entete-4-2560-2048x680.jpg 2048w\" sizes=\"(max-width: 2560px) 100vw, 2560px\" \/>\t\t\t\t\t\t\t\t\t\t\t\t\t\t\t<\/div>\n\t\t\t\t<\/div>\n\t\t\t\t\t<\/div>\n\t\t<\/div>\n\t\t\t\t\t<\/div>\n\t\t<\/section>\n\t\t\t\t<\/div>\n\t\t","protected":false},"excerpt":{"rendered":"<p>En plus de la vente et pose de Plafonds Tendus, nous en assurons l&rsquo;entretien r\u00e9gulier ou ponctuel incluant le Nettoyage de Plafonds Tendus.\u00a0 Si vous souhaitez faire nettoyer votre plafond tendu contactez-nous. Michel Plafonds Tendus intervient sur des prestations de Nettoyage de Plafonds Tendus partout en IDF et m\u00eame au del\u00e0 selon le nombre de [&hellip;]<\/p>\n","protected":false},"author":1,"featured_media":0,"parent":0,"menu_order":0,"comment_status":"closed","ping_status":"closed","template":"elementor_theme","meta":{"footnotes":""},"class_list":["post-586","page","type-page","status-publish","hentry"],"_links":{"self":[{"href":"https:\/\/michel-plafonds.com\/site\/wp-json\/wp\/v2\/pages\/586","targetHints":{"allow":["GET"]}}],"collection":[{"href":"https:\/\/michel-plafonds.com\/site\/wp-json\/wp\/v2\/pages"}],"about":[{"href":"https:\/\/michel-plafonds.com\/site\/wp-json\/wp\/v2\/types\/page"}],"author":[{"embeddable":true,"href":"https:\/\/michel-plafonds.com\/site\/wp-json\/wp\/v2\/users\/1"}],"replies":[{"embeddable":true,"href":"https:\/\/michel-plafonds.com\/site\/wp-json\/wp\/v2\/comments?post=586"}],"version-history":[{"count":22,"href":"https:\/\/michel-plafonds.com\/site\/wp-json\/wp\/v2\/pages\/586\/revisions"}],"predecessor-version":[{"id":626,"href":"https:\/\/michel-plafonds.com\/site\/wp-json\/wp\/v2\/pages\/586\/revisions\/626"}],"wp:attachment":[{"href":"https:\/\/michel-plafonds.com\/site\/wp-json\/wp\/v2\/media?parent=586"}],"curies":[{"name":"wp","href":"https:\/\/api.w.org\/{rel}","templated":true}]}}