{"id":84,"date":"2022-11-29T21:09:35","date_gmt":"2022-11-29T21:09:35","guid":{"rendered":"https:\/\/michel-plafonds.com\/site\/?page_id=84"},"modified":"2024-10-06T13:58:41","modified_gmt":"2024-10-06T13:58:41","slug":"contact","status":"publish","type":"page","link":"https:\/\/michel-plafonds.com\/site\/contact\/","title":{"rendered":"Contact"},"content":{"rendered":"\t\t<div data-elementor-type=\"wp-page\" data-elementor-id=\"84\" class=\"elementor elementor-84\">\n\t\t\t\t\t\t\t\t\t<section class=\"elementor-section elementor-top-section elementor-element elementor-element-a68782b elementor-section-boxed elementor-section-height-default elementor-section-height-default\" data-id=\"a68782b\" data-element_type=\"section\">\n\t\t\t\t\t\t<div class=\"elementor-container elementor-column-gap-default\">\n\t\t\t\t\t<div class=\"elementor-column elementor-col-100 elementor-top-column elementor-element elementor-element-3139f62\" data-id=\"3139f62\" data-element_type=\"column\">\n\t\t\t<div class=\"elementor-widget-wrap\">\n\t\t\t\t\t\t\t\t\t<\/div>\n\t\t<\/div>\n\t\t\t\t\t\t\t<\/div>\n\t\t<\/section>\n\t\t\t\t<div class=\"elementor-section elementor-top-section elementor-element elementor-element-aef53af elementor-section-boxed elementor-section-height-default elementor-section-height-default\" data-id=\"aef53af\" data-element_type=\"section\">\n\t\t\t\t\t\t<div class=\"elementor-container elementor-column-gap-default\">\n\t\t\t\t\t<aside class=\"elementor-column elementor-col-50 elementor-top-column elementor-element elementor-element-bebaee0\" data-id=\"bebaee0\" data-element_type=\"column\" data-settings=\"{&quot;background_background&quot;:&quot;classic&quot;}\">\n\t\t\t<div class=\"elementor-widget-wrap elementor-element-populated\">\n\t\t\t\t\t\t\t\t<div class=\"elementor-element elementor-element-d0e9998 elementor-widget elementor-widget-heading\" data-id=\"d0e9998\" data-element_type=\"widget\" data-widget_type=\"heading.default\">\n\t\t\t\t<div class=\"elementor-widget-container\">\n\t\t\t<style>\/*! elementor - v3.8.1 - 13-11-2022 *\/\n.elementor-heading-title{padding:0;margin:0;line-height:1}.elementor-widget-heading .elementor-heading-title[class*=elementor-size-]>a{color:inherit;font-size:inherit;line-height:inherit}.elementor-widget-heading .elementor-heading-title.elementor-size-small{font-size:15px}.elementor-widget-heading .elementor-heading-title.elementor-size-medium{font-size:19px}.elementor-widget-heading .elementor-heading-title.elementor-size-large{font-size:29px}.elementor-widget-heading .elementor-heading-title.elementor-size-xl{font-size:39px}.elementor-widget-heading .elementor-heading-title.elementor-size-xxl{font-size:59px}<\/style><h2 class=\"elementor-heading-title elementor-size-medium\">Devis Gratuit<\/h2>\t\t<\/div>\n\t\t\t\t<\/div>\n\t\t\t\t<div class=\"elementor-element elementor-element-bee14fa ekit_wpForms_container-form-button-custom elementor-invisible elementor-widget elementor-widget-elementskit-wp-forms\" data-id=\"bee14fa\" data-element_type=\"widget\" data-settings=\"{&quot;_animation&quot;:&quot;fadeIn&quot;}\" data-widget_type=\"elementskit-wp-forms.default\">\n\t\t\t\t<div class=\"elementor-widget-container\">\n\t\t\t<div class=\"ekit-wid-con ekit_wpForms_container\"><div class=\"wpforms-container wpforms-container-full\" id=\"wpforms-232\"><form id=\"wpforms-form-232\" class=\"wpforms-validate wpforms-form wpforms-ajax-form\" data-formid=\"232\" method=\"post\" enctype=\"multipart\/form-data\" action=\"\/site\/wp-json\/wp\/v2\/pages\/84\" data-token=\"8be3c27a888049a2e349cd16409f4b69\"><noscript class=\"wpforms-error-noscript\">Veuillez activer JavaScript dans votre navigateur pour remplir ce formulaire.<\/noscript><div class=\"wpforms-field-container\"><div id=\"wpforms-232-field_0-container\" class=\"wpforms-field wpforms-field-name FRM_INPUT\" data-field-id=\"0\"><label class=\"wpforms-field-label wpforms-label-hide\" for=\"wpforms-232-field_0\">Votre Nom <span class=\"wpforms-required-label\">*<\/span><\/label><input type=\"text\" id=\"wpforms-232-field_0\" class=\"wpforms-field-large wpforms-field-required\" name=\"wpforms[fields][0]\" placeholder=\"Votre Nom\" required><\/div><div id=\"wpforms-232-field_1-container\" class=\"wpforms-field wpforms-field-email FRM_INPUT\" data-field-id=\"1\"><label class=\"wpforms-field-label wpforms-label-hide\" for=\"wpforms-232-field_1\">Email <span class=\"wpforms-required-label\">*<\/span><\/label><input type=\"email\" id=\"wpforms-232-field_1\" class=\"wpforms-field-large wpforms-field-required\" name=\"wpforms[fields][1]\" placeholder=\"Votre Email\" required><\/div><div id=\"wpforms-232-field_7-container\" class=\"wpforms-field wpforms-field-text\" data-field-id=\"7\"><label class=\"wpforms-field-label wpforms-label-hide\" for=\"wpforms-232-field_7\">Adresse <span class=\"wpforms-required-label\">*<\/span><\/label><input type=\"text\" id=\"wpforms-232-field_7\" class=\"wpforms-field-medium wpforms-field-required\" name=\"wpforms[fields][7]\" value=\"Votre Adresse\" required><\/div><div id=\"wpforms-232-field_8-container\" class=\"wpforms-field wpforms-field-text\" data-field-id=\"8\"><label class=\"wpforms-field-label wpforms-label-hide\" for=\"wpforms-232-field_8\">Ville <span class=\"wpforms-required-label\">*<\/span><\/label><input type=\"text\" id=\"wpforms-232-field_8\" class=\"wpforms-field-medium wpforms-field-required\" name=\"wpforms[fields][8]\" value=\"Votre Ville\" required><\/div><div id=\"wpforms-232-field_4-container\" class=\"wpforms-field wpforms-field-select FRM_SELECT wpforms-field-select-style-modern\" data-field-id=\"4\"><label class=\"wpforms-field-label wpforms-label-hide\" for=\"wpforms-232-field_4\">Type de Devis<\/label><select id=\"wpforms-232-field_4\" class=\"wpforms-field-large choicesjs-select\" data-size-class=\"wpforms-field-row wpforms-field-large\" data-search-enabled=\"\" name=\"wpforms[fields][4]\"><option value=\"\" class=\"placeholder\" disabled >- Veuillez Choisir -<\/option><option value=\"Devis Plafond Tendu\"  selected='selected'>Devis Plafond Tendu<\/option><option value=\"Devis Mur Tendu\" >Devis Mur Tendu<\/option><option value=\"Devis Plafond Imprim\u00e9\" >Devis Plafond Imprim\u00e9<\/option><option value=\"Devis Autres Plafonds Tendus\" >Devis Autres Plafonds Tendus<\/option><option value=\"Nettoyage Plafond Tendu\" >Nettoyage Plafond Tendu<\/option><\/select><\/div><div id=\"wpforms-232-field_6-container\" class=\"wpforms-field wpforms-field-select FRM_SELECT wpforms-field-select-style-modern\" data-field-id=\"6\"><label class=\"wpforms-field-label wpforms-label-hide\" for=\"wpforms-232-field_6\">Type de Bien<\/label><select id=\"wpforms-232-field_6\" class=\"wpforms-field-large choicesjs-select\" data-size-class=\"wpforms-field-row wpforms-field-large\" data-search-enabled=\"\" name=\"wpforms[fields][6]\"><option value=\"\" class=\"placeholder\" disabled >- Veuillez Choisir -<\/option><option value=\"Particulier : Appartement\"  selected='selected'>Particulier : Appartement<\/option><option value=\"Particulier : Pavillon\" >Particulier : Pavillon<\/option><option value=\"Professionnel : Magasin et Commerces\" >Professionnel : Magasin et Commerces<\/option><option value=\"Professionnel : Bureaux\" >Professionnel : Bureaux<\/option><option value=\"Professionnel : Showroom\" >Professionnel : Showroom<\/option><option value=\"Professionnel : H\u00f4tels\" >Professionnel : H\u00f4tels<\/option><option value=\"Professionnel : Autres\" >Professionnel : Autres<\/option><\/select><\/div><div id=\"wpforms-232-field_3-container\" class=\"wpforms-field wpforms-field-text FRM_INPUT\" data-field-id=\"3\"><label class=\"wpforms-field-label wpforms-label-hide\" for=\"wpforms-232-field_3\">T\u00e9l\u00e9phone <span class=\"wpforms-required-label\">*<\/span><\/label><input type=\"text\" id=\"wpforms-232-field_3\" class=\"wpforms-field-large wpforms-field-required wpforms-masked-input\" data-rule-inputmask-incomplete=\"1\" data-inputmask-mask=\"99  99  99  99  99\" name=\"wpforms[fields][3]\" placeholder=\"T\u00e9l\u00e9phone 00 00 00 00 00\" required><\/div><div id=\"wpforms-232-field_5-container\" class=\"wpforms-field wpforms-field-name FRM_INPUT\" data-field-id=\"5\"><label class=\"wpforms-field-label wpforms-label-hide\" for=\"wpforms-232-field_5\">Superficie en m\u00b2 de Plafond<\/label><input type=\"text\" id=\"wpforms-232-field_5\" class=\"wpforms-field-large\" name=\"wpforms[fields][5]\" placeholder=\"Superficie en m\u00b2 de Plafond (approximatif)\" ><\/div><div id=\"wpforms-232-field_2-container\" class=\"wpforms-field wpforms-field-textarea FRM_TEXTAREA\" data-field-id=\"2\"><label class=\"wpforms-field-label wpforms-label-hide\" for=\"wpforms-232-field_2\">D\u00e9tail de votre besoin<\/label><textarea id=\"wpforms-232-field_2\" class=\"wpforms-field-medium\" name=\"wpforms[fields][2]\" placeholder=\"D\u00e9crivez votre besoin, type de pi\u00e8ce, largeur, longueur... nous vous recontacterons si besoin pour plus d&#039;informations pour la pose ou le nettoyage de votre plafond tendu.\" ><\/textarea><\/div><\/div><div class=\"wpforms-submit-container\"><input type=\"hidden\" name=\"wpforms[id]\" value=\"232\"><input type=\"hidden\" name=\"wpforms[author]\" value=\"1\"><button type=\"submit\" name=\"wpforms[submit]\" id=\"wpforms-submit-232\" class=\"wpforms-submit RSDB_SUB\" data-alt-text=\"Envoi en cours...\" data-submit-text=\"Envoyer\" aria-live=\"assertive\" value=\"wpforms-submit\">Envoyer<\/button><img decoding=\"async\" loading=\"lazy\" src=\"https:\/\/michel-plafonds.com\/site\/wp-content\/plugins\/wpforms-lite\/assets\/images\/submit-spin.svg\" class=\"wpforms-submit-spinner\" style=\"display: none;\" width=\"26\" height=\"26\" alt=\"Chargement en cours\"><\/div><\/form><\/div>  <!-- .wpforms-container --><\/div>\t\t<\/div>\n\t\t\t\t<\/div>\n\t\t\t\t\t<\/div>\n\t\t<\/aside>\n\t\t\t\t<div class=\"elementor-column elementor-col-50 elementor-top-column elementor-element elementor-element-0893725\" data-id=\"0893725\" data-element_type=\"column\">\n\t\t\t<div class=\"elementor-widget-wrap elementor-element-populated\">\n\t\t\t\t\t\t\t\t<div class=\"elementor-element elementor-element-1e44373 elementor-widget elementor-widget-text-editor\" data-id=\"1e44373\" data-element_type=\"widget\" data-widget_type=\"text-editor.default\">\n\t\t\t\t<div class=\"elementor-widget-container\">\n\t\t\t<style>\/*! elementor - v3.8.1 - 13-11-2022 *\/\n.elementor-widget-text-editor.elementor-drop-cap-view-stacked .elementor-drop-cap{background-color:#818a91;color:#fff}.elementor-widget-text-editor.elementor-drop-cap-view-framed .elementor-drop-cap{color:#818a91;border:3px solid;background-color:transparent}.elementor-widget-text-editor:not(.elementor-drop-cap-view-default) .elementor-drop-cap{margin-top:8px}.elementor-widget-text-editor:not(.elementor-drop-cap-view-default) .elementor-drop-cap-letter{width:1em;height:1em}.elementor-widget-text-editor .elementor-drop-cap{float:left;text-align:center;line-height:1;font-size:50px}.elementor-widget-text-editor .elementor-drop-cap-letter{display:inline-block}<\/style>\t\t\t\t<p><strong>Quel que soit votre besoin en Plafonds Tendus, pour une nouvelle pose, un projet, une r\u00e9paration, des travaux chez vous, et l&rsquo;envie de moderniser votre int\u00e9rieur rapidement et \u00e0 moindre co\u00fbt, contactez-nous.<\/strong><\/p><p>Michel Plafonds Tendus intervient partout en France.<\/p><p><strong>Nos Plafonds Tendus sont livr\u00e9s <\/strong>avec une <strong>garantie minimum de 10 ans<\/strong>.<\/p><p><b>Michel Plafonds Tendus, c&rsquo;est une petite \u00e9quipe de poseurs, <\/b>ce qui vous garantit que vous serez trait\u00e9 comme un client important, car pour nous vous l&rsquo;\u00eates, mais aussi <b>des frais r\u00e9duits<\/b>, en effet,<b> pas de Showroom haut de gamme de 200 m\u00b2\u00a0 dans les beaux quartiers de Paris, <span style=\"color: #ff0000;\">donc moins de frais<\/span><\/b>, nos Bureaux sont dans le 13\u00e8me arrondissement de Paris, et notre site de production est situ\u00e9 dans le 77 en IDF,<b> ce qui nous promet de vous proposer des plafonds tendus \u00e0 tarif tr\u00e8s bas par rapport \u00e0 la concurrence.<\/b><\/p><p>Pour tout besoin ou un simple devis Gratuit, n&rsquo;h\u00e9sitez pas \u00e0 nous appeler ou nous contacter par le biais de l&rsquo;un des outils ci-dessous.<\/p>\t\t\t\t\t\t<\/div>\n\t\t\t\t<\/div>\n\t\t\t\t<section class=\"elementor-section elementor-inner-section elementor-element elementor-element-66cb538 elementor-section-full_width elementor-section-height-default elementor-section-height-default\" data-id=\"66cb538\" data-element_type=\"section\">\n\t\t\t\t\t\t<div class=\"elementor-container elementor-column-gap-no\">\n\t\t\t\t\t<div class=\"elementor-column elementor-col-100 elementor-inner-column elementor-element elementor-element-9f58a77\" data-id=\"9f58a77\" data-element_type=\"column\">\n\t\t\t<div class=\"elementor-widget-wrap elementor-element-populated\">\n\t\t\t\t\t\t\t\t<div class=\"elementor-element elementor-element-135ea67 elementor-align-left elementor-mobile-align-center elementor-widget elementor-widget-button\" data-id=\"135ea67\" data-element_type=\"widget\" data-widget_type=\"button.default\">\n\t\t\t\t<div class=\"elementor-widget-container\">\n\t\t\t\t\t<div class=\"elementor-button-wrapper\">\n\t\t\t<a href=\"tel:+33633904487\" class=\"elementor-button-link elementor-button elementor-size-md\" role=\"button\">\n\t\t\t\t\t\t<span class=\"elementor-button-content-wrapper\">\n\t\t\t\t\t\t\t<span class=\"elementor-button-icon elementor-align-icon-left\">\n\t\t\t\t<i aria-hidden=\"true\" class=\"icon icon-phone-handset\"><\/i>\t\t\t<\/span>\n\t\t\t\t\t\t<span class=\"elementor-button-text\">Appeler le 06 33 90 44 87<\/span>\n\t\t<\/span>\n\t\t\t\t\t<\/a>\n\t\t<\/div>\n\t\t\t\t<\/div>\n\t\t\t\t<\/div>\n\t\t\t\t<div class=\"elementor-element elementor-element-83c4073 elementor-align-left elementor-mobile-align-center elementor-widget elementor-widget-button\" data-id=\"83c4073\" data-element_type=\"widget\" data-widget_type=\"button.default\">\n\t\t\t\t<div class=\"elementor-widget-container\">\n\t\t\t\t\t<div class=\"elementor-button-wrapper\">\n\t\t\t<a href=\"https:\/\/api.whatsapp.com\/send?phone=33633904487&#038;text=Bonjour,%20je%20souhaiterai%20r%C3%A9aliser%20un%20Plafond%20Tendu,%20merci%20de%20me%20rappeler\" class=\"elementor-button-link elementor-button elementor-size-md\" role=\"button\">\n\t\t\t\t\t\t<span class=\"elementor-button-content-wrapper\">\n\t\t\t\t\t\t\t<span class=\"elementor-button-icon elementor-align-icon-left\">\n\t\t\t\t<i aria-hidden=\"true\" class=\"fab fa-whatsapp\"><\/i>\t\t\t<\/span>\n\t\t\t\t\t\t<span class=\"elementor-button-text\">Questions sur WhatsApp<\/span>\n\t\t<\/span>\n\t\t\t\t\t<\/a>\n\t\t<\/div>\n\t\t\t\t<\/div>\n\t\t\t\t<\/div>\n\t\t\t\t<div class=\"elementor-element elementor-element-fdad86d elementor-align-left elementor-mobile-align-center elementor-widget elementor-widget-button\" data-id=\"fdad86d\" data-element_type=\"widget\" data-widget_type=\"button.default\">\n\t\t\t\t<div class=\"elementor-widget-container\">\n\t\t\t\t\t<div class=\"elementor-button-wrapper\">\n\t\t\t<a href=\"viber:\/\/chat\/?number=33633904487&#038;draft=Bonjour,%20je%20souhaiterai%20r%C3%A9aliser%20un%20Plafond%20Tendu,%20merci%20de%20me%20rappeler\" class=\"elementor-button-link elementor-button elementor-size-md\" role=\"button\">\n\t\t\t\t\t\t<span class=\"elementor-button-content-wrapper\">\n\t\t\t\t\t\t\t<span class=\"elementor-button-icon elementor-align-icon-left\">\n\t\t\t\t<i aria-hidden=\"true\" class=\"fab fa-viber\"><\/i>\t\t\t<\/span>\n\t\t\t\t\t\t<span class=\"elementor-button-text\">Questions sur Viber<\/span>\n\t\t<\/span>\n\t\t\t\t\t<\/a>\n\t\t<\/div>\n\t\t\t\t<\/div>\n\t\t\t\t<\/div>\n\t\t\t\t<div class=\"elementor-element elementor-element-4a37404 elementor-widget elementor-widget-text-editor\" data-id=\"4a37404\" data-element_type=\"widget\" data-widget_type=\"text-editor.default\">\n\t\t\t\t<div class=\"elementor-widget-container\">\n\t\t\t\t\t\t\t<p>Nos Coordonn\u00e9es :\u00a0<\/p><p><span style=\"font-weight: bolder;\">Michel Plafond Tendu<\/span><br \/>38 Rue Dunois<br \/>75647 Paris Cedex 13<br \/><strong>Interventions sur Toute la France<\/strong><\/p>\t\t\t\t\t\t<\/div>\n\t\t\t\t<\/div>\n\t\t\t\t\t<\/div>\n\t\t<\/div>\n\t\t\t\t\t\t\t<\/div>\n\t\t<\/section>\n\t\t\t\t\t<\/div>\n\t\t<\/div>\n\t\t\t\t\t\t\t<\/div>\n\t\t<\/div>\n\t\t\t\t<section class=\"elementor-section elementor-top-section elementor-element elementor-element-1a14185 elementor-section-boxed elementor-section-height-default elementor-section-height-default\" data-id=\"1a14185\" data-element_type=\"section\">\n\t\t\t\t\t\t<div class=\"elementor-container elementor-column-gap-default\">\n\t\t\t\t\t<div class=\"elementor-column elementor-col-100 elementor-top-column elementor-element elementor-element-3560a93\" data-id=\"3560a93\" data-element_type=\"column\">\n\t\t\t<div class=\"elementor-widget-wrap elementor-element-populated\">\n\t\t\t\t\t\t\t\t<div class=\"elementor-element elementor-element-8080cc6 elementor-widget elementor-widget-image\" data-id=\"8080cc6\" data-element_type=\"widget\" data-widget_type=\"image.default\">\n\t\t\t\t<div class=\"elementor-widget-container\">\n\t\t\t<style>\/*! elementor - v3.8.1 - 13-11-2022 *\/\n.elementor-widget-image{text-align:center}.elementor-widget-image a{display:inline-block}.elementor-widget-image a img[src$=\".svg\"]{width:48px}.elementor-widget-image img{vertical-align:middle;display:inline-block}<\/style>\t\t\t\t\t\t\t\t\t\t\t\t<img decoding=\"async\" width=\"2560\" height=\"850\" src=\"https:\/\/michel-plafonds.com\/site\/wp-content\/uploads\/2022\/11\/michel-plafonds-tendus-img-entete-4-2560.jpg\" class=\"attachment-full size-full\" alt=\"\" loading=\"lazy\" srcset=\"https:\/\/michel-plafonds.com\/site\/wp-content\/uploads\/2022\/11\/michel-plafonds-tendus-img-entete-4-2560.jpg 2560w, https:\/\/michel-plafonds.com\/site\/wp-content\/uploads\/2022\/11\/michel-plafonds-tendus-img-entete-4-2560-300x100.jpg 300w, https:\/\/michel-plafonds.com\/site\/wp-content\/uploads\/2022\/11\/michel-plafonds-tendus-img-entete-4-2560-1024x340.jpg 1024w, https:\/\/michel-plafonds.com\/site\/wp-content\/uploads\/2022\/11\/michel-plafonds-tendus-img-entete-4-2560-768x255.jpg 768w, https:\/\/michel-plafonds.com\/site\/wp-content\/uploads\/2022\/11\/michel-plafonds-tendus-img-entete-4-2560-1536x510.jpg 1536w, https:\/\/michel-plafonds.com\/site\/wp-content\/uploads\/2022\/11\/michel-plafonds-tendus-img-entete-4-2560-2048x680.jpg 2048w\" sizes=\"(max-width: 2560px) 100vw, 2560px\" \/>\t\t\t\t\t\t\t\t\t\t\t\t\t\t\t<\/div>\n\t\t\t\t<\/div>\n\t\t\t\t\t<\/div>\n\t\t<\/div>\n\t\t\t\t\t\t\t<\/div>\n\t\t<\/section>\n\t\t\t\t\t\t\t<\/div>\n\t\t","protected":false},"excerpt":{"rendered":"<p>Devis Gratuit Veuillez activer JavaScript dans votre navigateur pour remplir ce formulaire.Votre Nom *Email *Type de Devis&#8211; Veuillez Choisir &#8211;Devis Plafond TenduDevis Mur TenduDevis Plafond Imprim\u00e9Devis Autres Plafonds TendusNettoyage Plafond TenduType de Bien&#8211; Veuillez Choisir &#8211;Particulier : AppartementParticulier : PavillonProfessionnel : Magasin et CommercesProfessionnel : BureauxProfessionnel : ShowroomProfessionnel : H\u00f4telsProfessionnel : AutresT\u00e9l\u00e9phone *Superficie en m\u00b2 [&hellip;]<\/p>\n","protected":false},"author":1,"featured_media":0,"parent":0,"menu_order":0,"comment_status":"closed","ping_status":"closed","template":"elementor_theme","meta":[],"_links":{"self":[{"href":"https:\/\/michel-plafonds.com\/site\/wp-json\/wp\/v2\/pages\/84"}],"collection":[{"href":"https:\/\/michel-plafonds.com\/site\/wp-json\/wp\/v2\/pages"}],"about":[{"href":"https:\/\/michel-plafonds.com\/site\/wp-json\/wp\/v2\/types\/page"}],"author":[{"embeddable":true,"href":"https:\/\/michel-plafonds.com\/site\/wp-json\/wp\/v2\/users\/1"}],"replies":[{"embeddable":true,"href":"https:\/\/michel-plafonds.com\/site\/wp-json\/wp\/v2\/comments?post=84"}],"version-history":[{"count":31,"href":"https:\/\/michel-plafonds.com\/site\/wp-json\/wp\/v2\/pages\/84\/revisions"}],"predecessor-version":[{"id":629,"href":"https:\/\/michel-plafonds.com\/site\/wp-json\/wp\/v2\/pages\/84\/revisions\/629"}],"wp:attachment":[{"href":"https:\/\/michel-plafonds.com\/site\/wp-json\/wp\/v2\/media?parent=84"}],"curies":[{"name":"wp","href":"https:\/\/api.w.org\/{rel}","templated":true}]}}